{"id":10,"date":"2024-12-15T21:27:00","date_gmt":"2024-12-15T20:27:00","guid":{"rendered":"https:\/\/parafiagruczno.pl\/?page_id=10"},"modified":"2025-03-05T22:25:00","modified_gmt":"2025-03-05T21:25:00","slug":"about-us","status":"publish","type":"page","link":"https:\/\/parafiagruczno.pl\/?page_id=10","title":{"rendered":"O PARAFII W GRUCZNIE"},"content":{"rendered":"\n<div class=\"wp-block-columns gap-60 is-layout-flex wp-container-core-columns-is-layout-9d6595d7 wp-block-columns-is-layout-flex\">\n<div class=\"wp-block-column is-layout-flow wp-block-column-is-layout-flow\">\n<figure class=\"wp-block-image size-large\"><img loading=\"lazy\" decoding=\"async\" width=\"680\" height=\"1024\" src=\"https:\/\/parafiagruczno.pl\/wp-content\/uploads\/2025\/01\/1_Gruczno_13-680x1024.jpg\" alt=\"\" class=\"wp-image-52\" srcset=\"https:\/\/parafiagruczno.pl\/wp-content\/uploads\/2025\/01\/1_Gruczno_13-680x1024.jpg 680w, https:\/\/parafiagruczno.pl\/wp-content\/uploads\/2025\/01\/1_Gruczno_13-199x300.jpg 199w, https:\/\/parafiagruczno.pl\/wp-content\/uploads\/2025\/01\/1_Gruczno_13-768x1157.jpg 768w, https:\/\/parafiagruczno.pl\/wp-content\/uploads\/2025\/01\/1_Gruczno_13-568x855.jpg 568w, https:\/\/parafiagruczno.pl\/wp-content\/uploads\/2025\/01\/1_Gruczno_13.jpg 924w\" sizes=\"auto, (max-width: 680px) 100vw, 680px\" \/><\/figure>\n\n\n\n<p><\/p>\n\n\n\n<h3 class=\"wp-block-heading has-dark-muted-color has-text-color has-link-color wp-elements-569db2894b86d98154d8cf38c5e8f9bf\"><strong>Dekanat:<\/strong>&nbsp;\u015awiecki<\/h3>\n\n\n\n<h3 class=\"wp-block-heading\"><strong>Adres parafii:&nbsp;<\/strong>ul. Wojska Polskiego 12, 86-111 Gruczno,<br>woj. kujawsko-pomorskie, powiat \u015bwiecki, gmina \u015awiecie<\/h3>\n\n\n\n<p><\/p>\n<\/div>\n\n\n\n<div class=\"wp-block-column is-layout-flow wp-block-column-is-layout-flow\">\n<h3 class=\"wp-block-heading\">Historia parafii:<\/h3>\n\n\n\n<p>\u015alady obecno\u015bci ludzi w Grucznie pochodz\u0105 ju\u017c z wykopalisk datowanych na oko\u0142o 1200 rok przed nasz\u0105 er\u0105. Znalezione monety piastowskie oraz inne artefakty z okresu VI-XII wieku mo\u017cna ogl\u0105da\u0107 w Muzeum Historycznym w Grudzi\u0105dzu. W\u015br\u00f3d badaczy zajmuj\u0105cych si\u0119 histori\u0105 tych teren\u00f3w by\u0142 ksi\u0105dz W\u0142adys\u0142aw \u0141\u0119ga, kt\u00f3ry jako wikariusz w Grucznie podczas I wojny \u015bwiatowej prowadzi\u0142 prace archeologiczne i etnograficzne w okolicach \u015awiecia i Gruczna przed 1939 rokiem.<\/p>\n\n\n\n<p>Parafia w Grucznie jest jedn\u0105 z najstarszych na Pomorzu. Jej powstanie przypisuje si\u0119 jednemu z ksi\u0105\u017c\u0105t lub kr\u00f3l\u00f3w we wczesnym okresie po przyj\u0119ciu chrze\u015bcija\u0144stwa. Pocz\u0105tkowo obejmowa\u0142a ona tereny, na kt\u00f3rych p\u00f3\u017aniej powsta\u0142y parafie w Topolnie, Polednie i Niewie\u015bcinie. Pierwsza wzmianka o parafii pochodzi z dokumentu z 1238 roku. W 1299 roku Gruczno zosta\u0142o zakupione przez Stolic\u0119 Arcybiskupi\u0105 w Gnie\u017anie od Mestwina II, a w 1354 roku przekazano je wikariuszom Katedry Gnie\u017anie\u0144skiej.<\/p>\n\n\n\n<p>Nazwa Gruczno, unikalna w Polsce, najprawdopodobniej wywodzi si\u0119 od piastowskiego grodu, od kt\u00f3rego pochodzi tak\u017ce etymologia s\u0142\u00f3w \u201egr\u00f3d\u201d i \u201egrodzi\u0107\u201d.<\/p>\n\n\n\n<p>Najstarsze zachowane przedmioty liturgiczne i dokumenty parafialne pochodz\u0105 z XVII wieku. W\u015br\u00f3d nich znajduje si\u0119 monstrancja z 1607 roku oraz ksi\u0119gi chrzt\u00f3w prowadzone od 1670 roku.<\/p>\n\n\n\n<p>Obecny ko\u015bci\u00f3\u0142 parafialny to prawdopodobnie czwarta murowana \u015bwi\u0105tynia w tej miejscowo\u015bci. Pierwsza budowla powsta\u0142a oko\u0142o 1300 roku, druga w 1583 roku, a trzecia w 1775 roku, kt\u00f3ra zosta\u0142a ca\u0142kowicie przebudowana w stylu neogotyckim w latach 1873-1876. Ko\u015bci\u00f3\u0142 konsekrowano 30 maja 1876 roku przez biskupa sufragana Jeschkego.<\/p>\n\n\n\n<p>Przez pewien czas parafia znajdowa\u0142a si\u0119 pod panowaniem Krzy\u017cak\u00f3w, kt\u00f3rzy w XIV wieku zak\u0142adali tu ogrody i winnice na skarpie wi\u015blanej. W XVI i XVII wieku do Gruczna przybyli osadnicy z Holandii, g\u0142\u00f3wnie menonici, zwani Olendrami. Z kolei w XVIII i XIX wieku licznie osiedlili si\u0119 tu niemieccy protestanci, co by\u0142o wynikiem pruskiej polityki zaborczej.<\/p>\n\n\n\n<p>Wizytacja biskupia z 1819 roku potwierdza istnienie na terenie parafii pi\u0119ciu szk\u00f3\u0142, z czego tylko jedna by\u0142a katolicka, a cztery protestanckie. W tamtym okresie parafia znajdowa\u0142a si\u0119 pod patronatem wikariuszy gnie\u017anie\u0144skich. W XIX wieku, w odleg\u0142o\u015bci ponad 100 metr\u00f3w od ko\u015bcio\u0142a parafialnego, wybudowano ko\u015bci\u00f3\u0142 protestancki, kt\u00f3ry zosta\u0142 cz\u0119\u015bciowo zniszczony podczas wojny, a po 1960 roku ca\u0142kowicie rozebrany.<\/p>\n\n\n\n<p>Od 1821 roku parafia nale\u017ca\u0142a do diecezji che\u0142mi\u0144skiej, a od 1992 roku do diecezji pelpli\u0144skiej. W czasie II wojny \u015bwiatowej proboszcz i wikariusz zostali zamordowani, a parafia nie funkcjonowa\u0142a w normalnym trybie. Ksi\u0105dz z Polskich \u0141\u0105k przyje\u017cd\u017ca\u0142 tylko raz w miesi\u0105cu, aby odprawi\u0107 msz\u0119. W plebanii zamieszka\u0142a niemiecka rodzina Strasburger\u00f3w, a \u015bwiadkowie widzieli palenie ksi\u0105g w ogrodzie pleba\u0144skim. Pod koniec wojny cz\u0119\u015b\u0107 dokument\u00f3w i mebli zosta\u0142a wywieziona.<\/p>\n\n\n\n<p>Po wojnie \u00f3wczesny proboszcz wybudowa\u0142 du\u017c\u0105, drewnian\u0105 stodo\u0142\u0119, kt\u00f3r\u0105 p\u00f3\u017aniej upa\u0144stwowiono, a nast\u0119pnie rozebrano i przeniesiono do Wa\u0142dowa. W 1950 roku, na mocy decyzji w\u0142adz komunistycznych, parafia utraci\u0142a niemal ca\u0142y maj\u0105tek, pozostawiono jej jedynie ko\u015bci\u00f3\u0142.<\/p>\n\n\n\n<p>Po 1970 roku rozpocz\u0105\u0142 si\u0119 stopniowy proces odzyskiwania mienia parafialnego. Najpierw zwr\u00f3cono plebani\u0119 i plac przyko\u015bcielny, nast\u0119pnie organist\u00f3wk\u0119, cz\u0119\u015b\u0107 ziemi oraz cmentarz. W 1988 roku, dzi\u0119ki interwencji biskupa E. Piszcza, z Regensburga zwr\u00f3cono parafii kilka dawnych r\u0119kopis\u00f3w.<\/p>\n\n\n\n<p><\/p>\n<\/div>\n<\/div>\n","protected":false},"excerpt":{"rendered":"<p>Dekanat:&nbsp;\u015awiecki Adres parafii:&nbsp;ul. Wojska Polskiego 12, 86-111 Gruczno,woj. kujawsko-pomorskie, powiat \u015bwiecki, gmina \u015awiecie Historia parafii: \u015alady obecno\u015bci ludzi w Grucznie pochodz\u0105 ju\u017c z wykopalisk datowanych na oko\u0142o 1200 rok przed nasz\u0105 er\u0105. Znalezione monety piastowskie oraz inne artefakty z okresu VI-XII wieku mo\u017cna ogl\u0105da\u0107 w Muzeum Historycznym w Grudzi\u0105dzu. W\u015br\u00f3d<span class=\"more-dots\">&#8230;<\/span><\/p>\n","protected":false},"author":1,"featured_media":0,"parent":0,"menu_order":0,"comment_status":"closed","ping_status":"closed","template":"","meta":{"footnotes":""},"class_list":["post-10","page","type-page","status-publish","hentry","no-post-thumbnail"],"_links":{"self":[{"href":"https:\/\/parafiagruczno.pl\/index.php?rest_route=\/wp\/v2\/pages\/10","targetHints":{"allow":["GET"]}}],"collection":[{"href":"https:\/\/parafiagruczno.pl\/index.php?rest_route=\/wp\/v2\/pages"}],"about":[{"href":"https:\/\/parafiagruczno.pl\/index.php?rest_route=\/wp\/v2\/types\/page"}],"author":[{"embeddable":true,"href":"https:\/\/parafiagruczno.pl\/index.php?rest_route=\/wp\/v2\/users\/1"}],"replies":[{"embeddable":true,"href":"https:\/\/parafiagruczno.pl\/index.php?rest_route=%2Fwp%2Fv2%2Fcomments&post=10"}],"version-history":[{"count":5,"href":"https:\/\/parafiagruczno.pl\/index.php?rest_route=\/wp\/v2\/pages\/10\/revisions"}],"predecessor-version":[{"id":197,"href":"https:\/\/parafiagruczno.pl\/index.php?rest_route=\/wp\/v2\/pages\/10\/revisions\/197"}],"wp:attachment":[{"href":"https:\/\/parafiagruczno.pl\/index.php?rest_route=%2Fwp%2Fv2%2Fmedia&parent=10"}],"curies":[{"name":"wp","href":"https:\/\/api.w.org\/{rel}","templated":true}]}}