{"id":12,"date":"2024-12-15T21:27:00","date_gmt":"2024-12-15T20:27:00","guid":{"rendered":"https:\/\/parafiagruczno.pl\/?page_id=12"},"modified":"2025-03-05T22:02:28","modified_gmt":"2025-03-05T21:02:28","slug":"kontakt","status":"publish","type":"page","link":"https:\/\/parafiagruczno.pl\/?page_id=12","title":{"rendered":"Kontakt"},"content":{"rendered":"\n<div class=\"wp-block-group  pt-1 pb-2 is-layout-flow wp-block-group-is-layout-flow\">\n<p class=\"has-text-align-center has-normal-font-size\"><\/p>\n<\/div>\n\n\n\n<div class=\"wp-block-columns  cols-single-sm gap-30 pt-2 pb-4 is-layout-flex wp-container-core-columns-is-layout-9d6595d7 wp-block-columns-is-layout-flex\">\n<div class=\"wp-block-column is-layout-flow wp-block-column-is-layout-flow\">\n<figure class=\"wp-block-image aligncenter size-large is-resized mb-0\"><img decoding=\"async\" src=\"https:\/\/parafiagruczno.pl\/wp-content\/themes\/exs\/assets\/img\/mail-outline.png\" alt=\"\" class=\"wp-image-501\" style=\"width:38px;height:38px\"\/><\/figure>\n\n\n\n<h4 class=\"wp-block-heading has-text-align-center mt-05 mb-0\"><strong>Mail<\/strong><\/h4>\n\n\n\n<p class=\"has-text-align-center mt-1\"><a href=\"mailto:mail@example.com\"><a href=\"mailto:pgruczno@diecezja-pelplin.pl\">pgruczno@diecezja-pelplin.pl<\/a><\/a><\/p>\n<\/div>\n\n\n\n<div class=\"wp-block-column is-layout-flow wp-block-column-is-layout-flow\">\n<figure class=\"wp-block-image aligncenter size-large is-resized mb-0\"><img decoding=\"async\" src=\"https:\/\/parafiagruczno.pl\/wp-content\/themes\/exs\/assets\/img\/call-outline.png\" alt=\"\" class=\"wp-image-524\" style=\"width:38px;height:38px\"\/><\/figure>\n\n\n\n<h4 class=\"wp-block-heading has-text-align-center mt-05 mb-0\"><strong>Telefon<\/strong><\/h4>\n\n\n\n<p class=\"has-text-align-center\"><br>+52 331 93 79<\/p>\n<\/div>\n\n\n\n<div class=\"wp-block-column is-layout-flow wp-block-column-is-layout-flow\">\n<figure class=\"wp-block-image aligncenter size-large is-resized mb-0\"><img decoding=\"async\" src=\"https:\/\/parafiagruczno.pl\/wp-content\/themes\/exs\/assets\/img\/location-outline.png\" alt=\"\" class=\"wp-image-502\" style=\"width:38px;height:38px\"\/><\/figure>\n\n\n\n<h4 class=\"wp-block-heading has-text-align-center mt-05 mb-0\"><strong>Adres<\/strong><\/h4>\n\n\n\n<p class=\"has-text-align-center mt-1\">ul. Wojska Polskiego 12, 86-111 Gruczno,<br>woj. kujawsko-pomorskie, powiat \u015bwiecki, gmina \u015awiecie<\/p>\n<\/div>\n\n\n\n<div class=\"wp-block-column is-layout-flow wp-block-column-is-layout-flow\">\n<figure class=\"wp-block-image aligncenter size-large is-resized mb-0\"><img decoding=\"async\" src=\"https:\/\/parafiagruczno.pl\/wp-content\/themes\/exs\/assets\/img\/location-outline.png\" alt=\"\" class=\"wp-image-502\" style=\"width:38px;height:38px\"\/><\/figure>\n\n\n\n<h4 class=\"wp-block-heading has-text-align-center mt-05 mb-0\"><strong><strong>Niedziele i \u015bwi\u0119ta:<\/strong><\/strong><\/h4>\n\n\n\n<p class=\"has-text-align-center mt-1\">08:00,&nbsp;09:30,&nbsp;11:00<\/p>\n\n\n\n<h4 class=\"wp-block-heading has-text-align-center mt-1\">Dzie\u0144 powszedni:<\/h4>\n\n\n\n<p class=\"has-text-align-center\">17:00,&nbsp;18:00<\/p>\n\n\n\n<p class=\"has-text-align-center mt-1\"><\/p>\n<\/div>\n<\/div>\n\n\n\n<iframe src=\"https:\/\/www.google.com\/maps\/embed?pb=!1m18!1m12!1m3!1d1190.8622237545676!2d18.310106905221524!3d53.348188647702536!2m3!1f0!2f0!3f0!3m2!1i1024!2i768!4f13.1!3m3!1m2!1s0x47031fecacdb008d%3A0xf36758964797bf0c!2sKo%C5%9Bci%C3%B3%C5%82%20Rzymskokatolicki%20Pw.%20%C5%9Bw.%20Jana%20Chrzciciela%20w%20Grucznie!5e0!3m2!1spl!2spl!4v1737919321489!5m2!1spl!2spl\" width=\"1200\" height=\"450\" style=\"border:0;\" allowfullscreen=\"\" loading=\"lazy\" referrerpolicy=\"no-referrer-when-downgrade\"><\/iframe>\n","protected":false},"excerpt":{"rendered":"<p>Mail pgruczno@diecezja-pelplin.pl Telefon +52 331 93 79 Adres ul. Wojska Polskiego 12, 86-111 Gruczno,woj. kujawsko-pomorskie, powiat \u015bwiecki, gmina \u015awiecie Niedziele i \u015bwi\u0119ta: 08:00,&nbsp;09:30,&nbsp;11:00 Dzie\u0144 powszedni: 17:00,&nbsp;18:00<\/p>\n","protected":false},"author":1,"featured_media":0,"parent":0,"menu_order":0,"comment_status":"closed","ping_status":"closed","template":"","meta":{"footnotes":""},"class_list":["post-12","page","type-page","status-publish","hentry","no-post-thumbnail"],"_links":{"self":[{"href":"https:\/\/parafiagruczno.pl\/index.php?rest_route=\/wp\/v2\/pages\/12","targetHints":{"allow":["GET"]}}],"collection":[{"href":"https:\/\/parafiagruczno.pl\/index.php?rest_route=\/wp\/v2\/pages"}],"about":[{"href":"https:\/\/parafiagruczno.pl\/index.php?rest_route=\/wp\/v2\/types\/page"}],"author":[{"embeddable":true,"href":"https:\/\/parafiagruczno.pl\/index.php?rest_route=\/wp\/v2\/users\/1"}],"replies":[{"embeddable":true,"href":"https:\/\/parafiagruczno.pl\/index.php?rest_route=%2Fwp%2Fv2%2Fcomments&post=12"}],"version-history":[{"count":8,"href":"https:\/\/parafiagruczno.pl\/index.php?rest_route=\/wp\/v2\/pages\/12\/revisions"}],"predecessor-version":[{"id":183,"href":"https:\/\/parafiagruczno.pl\/index.php?rest_route=\/wp\/v2\/pages\/12\/revisions\/183"}],"wp:attachment":[{"href":"https:\/\/parafiagruczno.pl\/index.php?rest_route=%2Fwp%2Fv2%2Fmedia&parent=12"}],"curies":[{"name":"wp","href":"https:\/\/api.w.org\/{rel}","templated":true}]}}