{"id":9,"date":"2024-12-15T21:27:00","date_gmt":"2024-12-15T20:27:00","guid":{"rendered":"https:\/\/parafiagruczno.pl\/?page_id=9"},"modified":"2025-07-22T13:35:22","modified_gmt":"2025-07-22T11:35:22","slug":"home","status":"publish","type":"page","link":"https:\/\/parafiagruczno.pl\/","title":{"rendered":"STRONA G\u0141\u00d3WNA"},"content":{"rendered":"\n<div style=\"height:120px\" aria-hidden=\"true\" class=\"wp-block-spacer\"><\/div>\n\n\n\n<div class=\"wp-block-columns  cols-bordered cols-rounded cols-padding cols-shadow-hover is-layout-flex wp-container-core-columns-is-layout-9d6595d7 wp-block-columns-is-layout-flex\">\n<div class=\"wp-block-column is-layout-flow wp-block-column-is-layout-flow\">\n<figure class=\"wp-block-image aligncenter size-thumbnail is-resized\"><img decoding=\"async\" src=\"https:\/\/parafiagruczno.pl\/wp-content\/themes\/exs-church\/assets\/img\/icon-cross.png\" alt=\"\" class=\"wp-image-132\" style=\"width:75px;height:75px\"\/><\/figure>\n\n\n\n<h3 class=\"wp-block-heading has-text-align-center mt-05 mb-1\"><strong>Porz\u0105dek nabo\u017ce\u0144stw<\/strong><\/h3>\n\n\n\n<p class=\"has-text-align-center\"><strong>Niedziele i \u015bwi\u0119ta:<\/strong><br>08:00,&nbsp;09:30,&nbsp;11:00<\/p>\n\n\n\n<p class=\"has-text-align-center\"><strong>Dzie\u0144 powszedni:<\/strong><br>17:00,&nbsp;18:00<\/p>\n\n\n\n<p class=\"has-text-align-center\"><\/p>\n\n\n\n<div class=\"wp-block-buttons is-content-justification-center is-layout-flex wp-container-core-buttons-is-layout-16018d1d wp-block-buttons-is-layout-flex\"><\/div>\n<\/div>\n\n\n\n<div class=\"wp-block-column is-layout-flow wp-block-column-is-layout-flow\">\n<figure class=\"wp-block-image aligncenter size-thumbnail is-resized\"><img decoding=\"async\" src=\"https:\/\/parafiagruczno.pl\/wp-content\/themes\/exs-church\/assets\/img\/icon-church.png\" alt=\"\" class=\"wp-image-136\" style=\"width:75px;height:75px\"\/><\/figure>\n\n\n\n<h3 class=\"wp-block-heading has-text-align-center mt-05 mb-1\"><strong>Spowied\u017a \u015aw.<\/strong><\/h3>\n\n\n\n<p class=\"has-text-align-center\"><strong>przez ca\u0142y tydzie\u0144:<\/strong><br>przed Msz\u0105 \u015aw.<\/p>\n\n\n\n<div class=\"wp-block-buttons is-content-justification-center is-layout-flex wp-container-core-buttons-is-layout-16018d1d wp-block-buttons-is-layout-flex\"><\/div>\n<\/div>\n\n\n\n<div class=\"wp-block-column is-layout-flow wp-block-column-is-layout-flow\">\n<figure class=\"wp-block-image aligncenter size-thumbnail is-resized is-style-default\"><img decoding=\"async\" src=\"https:\/\/parafiagruczno.pl\/wp-content\/themes\/exs-church\/assets\/img\/icon-praying.png\" alt=\"\" class=\"wp-image-133\" style=\"width:75px;height:75px\"\/><\/figure>\n\n\n\n<h3 class=\"wp-block-heading has-text-align-center mt-05 mb-1\"><strong>Kancelaria parafialna<\/strong><\/h3>\n\n\n\n<p class=\"has-text-align-center\"><strong>Poniedzia\u0142ek \u2013 Pi\u0105tek:<\/strong><br>po mszy \u015bw.<\/p>\n\n\n\n<p class=\"has-text-align-center\"><strong>soboty:<\/strong><br>od 8:00 do 9:00<\/p>\n\n\n\n<div class=\"wp-block-buttons is-content-justification-center is-layout-flex wp-container-core-buttons-is-layout-16018d1d wp-block-buttons-is-layout-flex\"><\/div>\n<\/div>\n\n\n\n<div class=\"wp-block-column is-layout-flow wp-block-column-is-layout-flow\">\n<figure class=\"wp-block-image aligncenter size-thumbnail is-resized is-style-default\"><img decoding=\"async\" src=\"https:\/\/parafiagruczno.pl\/wp-content\/themes\/exs-church\/assets\/img\/icon-bible.png\" alt=\"\" class=\"wp-image-135\" style=\"width:75px;height:75px\"\/><\/figure>\n\n\n\n<h3 class=\"wp-block-heading has-text-align-center mt-05 mb-1\"><strong>Adoracja Naj\u015bwi\u0119tszego Sakramentu:<\/strong><\/h3>\n\n\n\n<p class=\"has-text-align-center\"><strong><strong>Czwartek<\/strong><br><\/strong>17.15 \u2013 18.00<\/p>\n\n\n\n<p><\/p>\n\n\n\n<div class=\"wp-block-buttons is-content-justification-center is-layout-flex wp-container-core-buttons-is-layout-16018d1d wp-block-buttons-is-layout-flex\"><\/div>\n<\/div>\n<\/div>\n\n\n\n<div style=\"height:100px\" aria-hidden=\"true\" class=\"wp-block-spacer\"><\/div>\n\n\n\n<div class=\"wp-block-group  pt-1 pb-1 is-layout-flow wp-block-group-is-layout-flow\">\n<h2 class=\"wp-block-heading has-text-align-center mb-05 has-xxl-font-size\">Sakramenty<\/h2>\n\n\n\n<p><\/p>\n\n\n\n<p class=\"has-text-align-center has-normal-font-size\"><\/p>\n<\/div>\n\n\n\n<div class=\"wp-block-columns cols-single-sm gap-30 is-layout-flex wp-container-core-columns-is-layout-9d6595d7 wp-block-columns-is-layout-flex\">\n<div class=\"wp-block-column is-layout-flow wp-block-column-is-layout-flow\">\n<div class=\"wp-block-cover is-light\" style=\"min-height:440px;aspect-ratio:unset;\"><img loading=\"lazy\" decoding=\"async\" width=\"924\" height=\"1392\" class=\"wp-block-cover__image-background wp-image-65\" alt=\"\" src=\"https:\/\/parafiagruczno.pl\/wp-content\/uploads\/2025\/01\/1_Gruczno_9.jpg\" data-object-fit=\"cover\" srcset=\"https:\/\/parafiagruczno.pl\/wp-content\/uploads\/2025\/01\/1_Gruczno_9.jpg 924w, https:\/\/parafiagruczno.pl\/wp-content\/uploads\/2025\/01\/1_Gruczno_9-199x300.jpg 199w, https:\/\/parafiagruczno.pl\/wp-content\/uploads\/2025\/01\/1_Gruczno_9-680x1024.jpg 680w, https:\/\/parafiagruczno.pl\/wp-content\/uploads\/2025\/01\/1_Gruczno_9-768x1157.jpg 768w, https:\/\/parafiagruczno.pl\/wp-content\/uploads\/2025\/01\/1_Gruczno_9-568x855.jpg 568w\" sizes=\"auto, (max-width: 924px) 100vw, 924px\" \/><span aria-hidden=\"true\" class=\"wp-block-cover__background has-background-dim-60 has-background-dim\" style=\"background-color:#b29a71\"><\/span><div class=\"wp-block-cover__inner-container is-layout-flow wp-block-cover-is-layout-flow\">\n<h1 class=\"wp-block-heading has-large-font-size\" style=\"color:white;\" >Chrzest<\/h1>\n\n\n\n<div class=\"wp-block-buttons is-layout-flex wp-block-buttons-is-layout-flex\">\n<div class=\"wp-block-button\"><a class=\"wp-block-button__link wp-element-button\" href=\"https:\/\/parafiagruczno.pl\/?page_id=11\">Dowiedz si\u0119 wi\u0119cej<\/a><\/div>\n<\/div>\n<\/div><\/div>\n<\/div>\n\n\n\n<div class=\"wp-block-column is-layout-flow wp-block-column-is-layout-flow\">\n<div class=\"wp-block-cover\" style=\"min-height:205px;aspect-ratio:unset;\"><img loading=\"lazy\" decoding=\"async\" width=\"1392\" height=\"924\" class=\"wp-block-cover__image-background wp-image-66\" alt=\"\" src=\"https:\/\/parafiagruczno.pl\/wp-content\/uploads\/2025\/01\/1_Gruczno_4.jpg\" data-object-fit=\"cover\" srcset=\"https:\/\/parafiagruczno.pl\/wp-content\/uploads\/2025\/01\/1_Gruczno_4.jpg 1392w, https:\/\/parafiagruczno.pl\/wp-content\/uploads\/2025\/01\/1_Gruczno_4-300x199.jpg 300w, https:\/\/parafiagruczno.pl\/wp-content\/uploads\/2025\/01\/1_Gruczno_4-1024x680.jpg 1024w, https:\/\/parafiagruczno.pl\/wp-content\/uploads\/2025\/01\/1_Gruczno_4-768x510.jpg 768w, https:\/\/parafiagruczno.pl\/wp-content\/uploads\/2025\/01\/1_Gruczno_4-1140x757.jpg 1140w\" sizes=\"auto, (max-width: 1392px) 100vw, 1392px\" \/><span aria-hidden=\"true\" class=\"wp-block-cover__background has-background-dim-60 has-background-dim\" style=\"background-color:#89775e\"><\/span><div class=\"wp-block-cover__inner-container is-layout-flow wp-block-cover-is-layout-flow\">\n<h2 class=\"wp-block-heading has-text-align-right has-large-font-size\">\u015alub<\/h2>\n\n\n\n<div class=\"wp-block-buttons is-layout-flex wp-block-buttons-is-layout-flex\">\n<div class=\"wp-block-button\"><a class=\"wp-block-button__link wp-element-button\" href=\"https:\/\/parafiagruczno.pl\/?page_id=11\">Dowiedz si\u0119 wi\u0119cej<\/a><\/div>\n<\/div>\n<\/div><\/div>\n\n\n\n<div style=\"height:30px\" aria-hidden=\"true\" class=\"wp-block-spacer\"><\/div>\n\n\n\n<div class=\"wp-block-cover\" style=\"min-height:205px;aspect-ratio:unset;\"><img loading=\"lazy\" decoding=\"async\" width=\"924\" height=\"1392\" class=\"wp-block-cover__image-background wp-image-67\" alt=\"\" src=\"https:\/\/parafiagruczno.pl\/wp-content\/uploads\/2025\/01\/1_Gruczno_6.jpg\" data-object-fit=\"cover\" srcset=\"https:\/\/parafiagruczno.pl\/wp-content\/uploads\/2025\/01\/1_Gruczno_6.jpg 924w, https:\/\/parafiagruczno.pl\/wp-content\/uploads\/2025\/01\/1_Gruczno_6-199x300.jpg 199w, https:\/\/parafiagruczno.pl\/wp-content\/uploads\/2025\/01\/1_Gruczno_6-680x1024.jpg 680w, https:\/\/parafiagruczno.pl\/wp-content\/uploads\/2025\/01\/1_Gruczno_6-768x1157.jpg 768w, https:\/\/parafiagruczno.pl\/wp-content\/uploads\/2025\/01\/1_Gruczno_6-568x855.jpg 568w\" sizes=\"auto, (max-width: 924px) 100vw, 924px\" \/><span aria-hidden=\"true\" class=\"wp-block-cover__background has-background-dim-60 has-background-dim\" style=\"background-color:#82705d\"><\/span><div class=\"wp-block-cover__inner-container is-layout-flow wp-block-cover-is-layout-flow\">\n<h2 class=\"wp-block-heading has-text-align-right has-large-font-size\">Bierzmowanie<\/h2>\n\n\n\n<div class=\"wp-block-buttons is-layout-flex wp-block-buttons-is-layout-flex\">\n<div class=\"wp-block-button\"><a class=\"wp-block-button__link wp-element-button\" href=\"https:\/\/parafiagruczno.pl\/?page_id=11\">Dowiedz si\u0119 wi\u0119cej<\/a><\/div>\n<\/div>\n<\/div><\/div>\n<\/div>\n<\/div>\n\n\n\n<div class=\"wp-block-columns is-layout-flex wp-container-core-columns-is-layout-9d6595d7 wp-block-columns-is-layout-flex\">\n<div class=\"wp-block-column is-layout-flow wp-block-column-is-layout-flow\">\n<div class=\"wp-block-columns is-layout-flex wp-container-core-columns-is-layout-9d6595d7 wp-block-columns-is-layout-flex\">\n<div class=\"wp-block-column is-layout-flow wp-block-column-is-layout-flow\"><\/div>\n<\/div>\n<\/div>\n<\/div>\n\n\n\n<div class=\"wp-block-columns is-layout-flex wp-container-core-columns-is-layout-9d6595d7 wp-block-columns-is-layout-flex\">\n<div class=\"wp-block-column is-layout-flow wp-block-column-is-layout-flow\"><\/div>\n<\/div>\n\n\n\n<div class=\"wp-block-columns is-layout-flex wp-container-core-columns-is-layout-9d6595d7 wp-block-columns-is-layout-flex\">\n<div class=\"wp-block-column is-layout-flow wp-block-column-is-layout-flow\">\n<p><\/p>\n<\/div>\n<\/div>\n\n\n\n<hr class=\"wp-block-separator alignfull has-alpha-channel-opacity mt-5 mb-5 is-style-default\"\/>\n\n\n\n<div class=\"wp-block-columns  cols-shadow-hover cols-padding gap-50 is-layout-flex wp-container-core-columns-is-layout-9d6595d7 wp-block-columns-is-layout-flex\">\n<div class=\"wp-block-column is-layout-flow wp-block-column-is-layout-flow\">\n<figure class=\"wp-block-image alignwide size-full\"><img loading=\"lazy\" decoding=\"async\" width=\"712\" height=\"712\" src=\"https:\/\/parafiagruczno.pl\/wp-content\/uploads\/2025\/03\/ks1-edited.png\" alt=\"\" class=\"wp-image-171\" srcset=\"https:\/\/parafiagruczno.pl\/wp-content\/uploads\/2025\/03\/ks1-edited.png 712w, https:\/\/parafiagruczno.pl\/wp-content\/uploads\/2025\/03\/ks1-edited-300x300.png 300w, https:\/\/parafiagruczno.pl\/wp-content\/uploads\/2025\/03\/ks1-edited-150x150.png 150w\" sizes=\"auto, (max-width: 712px) 100vw, 712px\" \/><\/figure>\n\n\n\n<h3 class=\"wp-block-heading has-text-align-center mt-1 mb-0\">Ks. Grzegorz Knut<br>\t\t<\/h3>\n\n\n\n<h6 class=\"wp-block-heading has-text-align-center mt-0 mb-1 has-main-color has-text-color\">Proboszcz<\/h6>\n\n\n\n<p class=\"has-text-align-center mb-0\"><\/p>\n<\/div>\n\n\n\n<div class=\"wp-block-column is-layout-flow wp-block-column-is-layout-flow\">\n<figure class=\"wp-block-image alignwide size-full\"><img loading=\"lazy\" decoding=\"async\" width=\"577\" height=\"577\" src=\"https:\/\/parafiagruczno.pl\/wp-content\/uploads\/2025\/03\/ks2-edited.png\" alt=\"\" class=\"wp-image-172\" srcset=\"https:\/\/parafiagruczno.pl\/wp-content\/uploads\/2025\/03\/ks2-edited.png 577w, https:\/\/parafiagruczno.pl\/wp-content\/uploads\/2025\/03\/ks2-edited-300x300.png 300w, https:\/\/parafiagruczno.pl\/wp-content\/uploads\/2025\/03\/ks2-edited-150x150.png 150w\" sizes=\"auto, (max-width: 577px) 100vw, 577px\" \/><\/figure>\n\n\n\n<h3 class=\"wp-block-heading has-text-align-center mt-1 mb-0\">Ks. 2<br>\t\t<\/h3>\n\n\n\n<h6 class=\"wp-block-heading has-text-align-center mt-0 mb-1 has-main-color has-text-color\"><strong>Rezydent &#8211; Kap\u0142an senior<\/strong><\/h6>\n\n\n\n<p class=\"has-text-align-center mb-0\"><\/p>\n<\/div>\n\n\n\n<div class=\"wp-block-column is-layout-flow wp-block-column-is-layout-flow\">\n<figure class=\"wp-block-image alignwide size-full\"><img loading=\"lazy\" decoding=\"async\" width=\"293\" height=\"293\" src=\"https:\/\/parafiagruczno.pl\/wp-content\/uploads\/2025\/03\/ks_proboszcz-edited.jpg\" alt=\"\" class=\"wp-image-173\" srcset=\"https:\/\/parafiagruczno.pl\/wp-content\/uploads\/2025\/03\/ks_proboszcz-edited.jpg 293w, https:\/\/parafiagruczno.pl\/wp-content\/uploads\/2025\/03\/ks_proboszcz-edited-150x150.jpg 150w\" sizes=\"auto, (max-width: 293px) 100vw, 293px\" \/><\/figure>\n\n\n\n<h3 class=\"wp-block-heading has-text-align-center mt-1 mb-0\">Ks.3<br>\t\t<\/h3>\n\n\n\n<h6 class=\"wp-block-heading has-text-align-center mt-0 mb-1 has-main-color has-text-color\"><strong>Rezydent &#8211; Kap\u0142an senior<\/strong><\/h6>\n\n\n\n<p class=\"has-text-align-center mb-0\"><\/p>\n<\/div>\n<\/div>\n\n\n\n<p><\/p>\n","protected":false},"excerpt":{"rendered":"<p>Porz\u0105dek nabo\u017ce\u0144stw Niedziele i \u015bwi\u0119ta:08:00,&nbsp;09:30,&nbsp;11:00 Dzie\u0144 powszedni:17:00,&nbsp;18:00 Spowied\u017a \u015aw. przez ca\u0142y tydzie\u0144:przed Msz\u0105 \u015aw. Kancelaria parafialna Poniedzia\u0142ek \u2013 Pi\u0105tek:po mszy \u015bw. soboty:od 8:00 do 9:00 Adoracja Naj\u015bwi\u0119tszego Sakramentu: Czwartek17.15 \u2013 18.00 Sakramenty Ks. Grzegorz Knut Proboszcz Ks. 2 Rezydent &#8211; Kap\u0142an senior Ks.3 Rezydent &#8211; Kap\u0142an senior<\/p>\n","protected":false},"author":1,"featured_media":0,"parent":0,"menu_order":0,"comment_status":"closed","ping_status":"closed","template":"page-templates\/no-sidebar-no-title.php","meta":{"footnotes":""},"class_list":["post-9","page","type-page","status-publish","hentry","no-post-thumbnail"],"_links":{"self":[{"href":"https:\/\/parafiagruczno.pl\/index.php?rest_route=\/wp\/v2\/pages\/9","targetHints":{"allow":["GET"]}}],"collection":[{"href":"https:\/\/parafiagruczno.pl\/index.php?rest_route=\/wp\/v2\/pages"}],"about":[{"href":"https:\/\/parafiagruczno.pl\/index.php?rest_route=\/wp\/v2\/types\/page"}],"author":[{"embeddable":true,"href":"https:\/\/parafiagruczno.pl\/index.php?rest_route=\/wp\/v2\/users\/1"}],"replies":[{"embeddable":true,"href":"https:\/\/parafiagruczno.pl\/index.php?rest_route=%2Fwp%2Fv2%2Fcomments&post=9"}],"version-history":[{"count":20,"href":"https:\/\/parafiagruczno.pl\/index.php?rest_route=\/wp\/v2\/pages\/9\/revisions"}],"predecessor-version":[{"id":217,"href":"https:\/\/parafiagruczno.pl\/index.php?rest_route=\/wp\/v2\/pages\/9\/revisions\/217"}],"wp:attachment":[{"href":"https:\/\/parafiagruczno.pl\/index.php?rest_route=%2Fwp%2Fv2%2Fmedia&parent=9"}],"curies":[{"name":"wp","href":"https:\/\/api.w.org\/{rel}","templated":true}]}}